{"id":2,"date":"2015-11-21T10:19:28","date_gmt":"2015-11-21T10:19:28","guid":{"rendered":"http:\/\/roslamit.si\/?page_id=2"},"modified":"2025-04-24T15:55:49","modified_gmt":"2025-04-24T15:55:49","slug":"sample-page","status":"publish","type":"page","link":"https:\/\/edelstahlkreuze.si\/de\/","title":{"rendered":""},"content":{"rendered":"<div class=\"wp-block-columns is-layout-flex wp-container-core-columns-is-layout-9d6595d7 wp-block-columns-is-layout-flex\">\n<div class=\"wp-block-column is-layout-flow wp-block-column-is-layout-flow\"><\/div>\n\n\n\n<div class=\"wp-block-column is-layout-flow wp-block-column-is-layout-flow\"><div class=\"wp-block-image\">\n<figure class=\"aligncenter size-full is-resized\"><a href=\"https:\/\/edelstahlkreuze.si\/wp-content\/uploads\/2025\/04\/LOGO_R.jpg\"><img loading=\"lazy\" decoding=\"async\" width=\"1064\" height=\"1064\" src=\"https:\/\/edelstahlkreuze.si\/wp-content\/uploads\/2025\/04\/LOGO_R.jpg\" alt=\"\" class=\"wp-image-1111\" style=\"width:81px;height:auto\" srcset=\"https:\/\/edelstahlkreuze.si\/wp-content\/uploads\/2025\/04\/LOGO_R.jpg 1064w, https:\/\/edelstahlkreuze.si\/wp-content\/uploads\/2025\/04\/LOGO_R-300x300.jpg 300w, https:\/\/edelstahlkreuze.si\/wp-content\/uploads\/2025\/04\/LOGO_R-1024x1024.jpg 1024w, https:\/\/edelstahlkreuze.si\/wp-content\/uploads\/2025\/04\/LOGO_R-150x150.jpg 150w, https:\/\/edelstahlkreuze.si\/wp-content\/uploads\/2025\/04\/LOGO_R-768x768.jpg 768w, https:\/\/edelstahlkreuze.si\/wp-content\/uploads\/2025\/04\/LOGO_R-12x12.jpg 12w\" sizes=\"auto, (max-width: 1064px) 100vw, 1064px\" \/><\/a><\/figure><\/div><\/div>\n\n\n\n<div class=\"wp-block-column is-layout-flow wp-block-column-is-layout-flow\"><\/div>\n<\/div>\n\n\n\n<figure class=\"wp-block-image size-large\"><a href=\"http:\/\/edelstahlkreuze.si\/wp-content\/uploads\/2021\/08\/edelstahl-kreuze-TEMNEJSE.png\"><img loading=\"lazy\" decoding=\"async\" width=\"1024\" height=\"86\" src=\"http:\/\/edelstahlkreuze.si\/wp-content\/uploads\/2021\/08\/edelstahl-kreuze-TEMNEJSE-1024x86.png\" alt=\"\" class=\"wp-image-997\" srcset=\"https:\/\/edelstahlkreuze.si\/wp-content\/uploads\/2021\/08\/edelstahl-kreuze-TEMNEJSE-1024x86.png 1024w, https:\/\/edelstahlkreuze.si\/wp-content\/uploads\/2021\/08\/edelstahl-kreuze-TEMNEJSE-300x25.png 300w, https:\/\/edelstahlkreuze.si\/wp-content\/uploads\/2021\/08\/edelstahl-kreuze-TEMNEJSE-768x64.png 768w, https:\/\/edelstahlkreuze.si\/wp-content\/uploads\/2021\/08\/edelstahl-kreuze-TEMNEJSE-1536x129.png 1536w, https:\/\/edelstahlkreuze.si\/wp-content\/uploads\/2021\/08\/edelstahl-kreuze-TEMNEJSE-2048x172.png 2048w, https:\/\/edelstahlkreuze.si\/wp-content\/uploads\/2021\/08\/edelstahl-kreuze-TEMNEJSE-18x2.png 18w\" sizes=\"auto, (max-width: 1024px) 100vw, 1024px\" \/><\/a><\/figure>\n\n\n\n<div class=\"wp-block-media-text alignwide is-stacked-on-mobile is-vertically-aligned-top\" style=\"grid-template-columns:20% auto\"><figure class=\"wp-block-media-text__media\"><img loading=\"lazy\" decoding=\"async\" width=\"573\" height=\"1024\" src=\"http:\/\/edelstahlkreuze.si\/wp-content\/uploads\/2021\/08\/6190_6200_6900_small-573x1024.png\" alt=\"\" class=\"wp-image-590 size-full\" srcset=\"https:\/\/edelstahlkreuze.si\/wp-content\/uploads\/2021\/08\/6190_6200_6900_small-573x1024.png 573w, https:\/\/edelstahlkreuze.si\/wp-content\/uploads\/2021\/08\/6190_6200_6900_small-168x300.png 168w, https:\/\/edelstahlkreuze.si\/wp-content\/uploads\/2021\/08\/6190_6200_6900_small.png 579w\" sizes=\"auto, (max-width: 573px) 100vw, 573px\" \/><\/figure><div class=\"wp-block-media-text__content\">\n<p>Wir sind der einziger Hersteller von Edelstahlkreuze \u2013 Edelstahlgrabschmuck in Slowenien. Wir beliefern den heimischen Markt und die M\u00e4rkte der EU-L\u00e4ndern.<br>V na\u0161em podjetju lahko izbirate med ve\u010d kot 100. vrstami razli\u010dnih nerjavnih nagrobnih dodatkov kot so: <\/p>\n\n\n\n<ul class=\"wp-block-list\">\n<li><strong>EDELSTAHLKREUZE<\/strong><\/li>\n\n\n\n<li><strong>EDELSTAHL VASE<\/strong><\/li>\n\n\n\n<li><strong>EDELSTAHL LATERNE<\/strong><\/li>\n\n\n\n<li>EDELSTAHL LATERNE<\/li>\n\n\n\n<li>EDELSTAHL BUCHSTABEN F\u00dcR GRABINSCHRIFTEN<\/li>\n\n\n\n<li>EDELSTAHL GRABINSCHRIFTEN<\/li>\n\n\n\n<li>EDELSTAHL GRABINSCHRIFTEN<\/li>\n\n\n\n<li>EDELSTAHL ORNAMENT SONNE<\/li>\n\n\n\n<li>EDELSTAHL ORNAMENT BAUM DES LEBENS<\/li>\n\n\n\n<li>EDELSTAHL ORNAMENT BLUME DES LEBENS<\/li>\n\n\n\n<li>EDELSTAHL ORNAMENT SCHMETTERLING<\/li>\n\n\n\n<li>EDELSTAHL ORNAMENT FLUGZEUG<\/li>\n\n\n\n<li>EDELSTAHL ORNAMENT LEMON TREE<\/li>\n\n\n\n<li>EDELSTAHL ORNAMENT FAHRADFAHRER<\/li>\n\n\n\n<li>EDELSTAHL ORNAMENTNTE IN VERSCHIDENEN FORMEN<\/li>\n\n\n\n<li>EDELSTAHL ORNAMENTNTE IN VERSCHIDENEN FORMEN<\/li>\n\n\n\n<li>HOCHKLASSIGEN PORZELLANBILDER, DIE AUF 870\u00b0C EINGEBRANNT WERDEN <\/li>\n<\/ul>\n\n\n\n<p>Im unseren Edelstahlprogramm finden Sie eine Auswahl von qualitativen und hochwertig hergestellten Produkten aus V2A(Wr. Nr. 1.4301) in V4A (Wr. Nr. 1.4571 und 1.4404) rostfreiem Material<\/p>\n\n\n\n<p><strong>KOVINSKE KONSTRUKCIJE<\/strong><\/p>\n\n\n\n<p>KOVINSKI NADSTRE\u0160KI<\/p>\n\n\n\n<p><\/p>\n\n\n\n<p><br>Wir herstellen EDELSTAHLKREUZE,  WASSERSTRAHLSCHRIFTE gem\u00e4\u00df Ihre skizze nach Ma\u00df, Etc...<\/p>\n\n\n\n<p>Warum uns jedes Jahr mehr zufriedene Kunden vertrauen:<br>- Gutes Preis-Leistungsverh\u00e4ltnis<br>- zuverl\u00e4ssige und schnelle Lieferzeiten<br>- individuelle Kundenansprache<br>- Reaktionsf\u00e4higkeit und Professionalit\u00e4t<\/p>\n<\/div><\/div>\n\n\n\n<p><\/p>","protected":false},"excerpt":{"rendered":"","protected":false},"author":1,"featured_media":0,"parent":0,"menu_order":0,"comment_status":"closed","ping_status":"closed","template":"template-frontpage.php","meta":{"ngg_post_thumbnail":0,"footnotes":""},"class_list":["post-2","page","type-page","status-publish","hentry"],"_links":{"self":[{"href":"https:\/\/edelstahlkreuze.si\/de\/wp-json\/wp\/v2\/pages\/2","targetHints":{"allow":["GET"]}}],"collection":[{"href":"https:\/\/edelstahlkreuze.si\/de\/wp-json\/wp\/v2\/pages"}],"about":[{"href":"https:\/\/edelstahlkreuze.si\/de\/wp-json\/wp\/v2\/types\/page"}],"author":[{"embeddable":true,"href":"https:\/\/edelstahlkreuze.si\/de\/wp-json\/wp\/v2\/users\/1"}],"replies":[{"embeddable":true,"href":"https:\/\/edelstahlkreuze.si\/de\/wp-json\/wp\/v2\/comments?post=2"}],"version-history":[{"count":67,"href":"https:\/\/edelstahlkreuze.si\/de\/wp-json\/wp\/v2\/pages\/2\/revisions"}],"predecessor-version":[{"id":1112,"href":"https:\/\/edelstahlkreuze.si\/de\/wp-json\/wp\/v2\/pages\/2\/revisions\/1112"}],"wp:attachment":[{"href":"https:\/\/edelstahlkreuze.si\/de\/wp-json\/wp\/v2\/media?parent=2"}],"curies":[{"name":"wp","href":"https:\/\/api.w.org\/{rel}","templated":true}]}}